{"id":95,"date":"2018-06-18T06:57:36","date_gmt":"2018-06-18T06:57:36","guid":{"rendered":"https:\/\/mobila.rembasm.ro\/?page_id=95"},"modified":"2021-03-08T16:32:16","modified_gmt":"2021-03-08T14:32:16","slug":"home","status":"publish","type":"page","link":"https:\/\/mobila.rembasm.ro\/","title":{"rendered":"Home"},"content":{"rendered":"\t\t<div data-elementor-type=\"wp-post\" data-elementor-id=\"95\" class=\"elementor elementor-95\">\n\t\t\t\t\t\t\t\t\t<section class=\"elementor-section elementor-top-section elementor-element elementor-element-604b6e6 elementor-section-boxed elementor-section-height-default elementor-section-height-default\" data-id=\"604b6e6\" data-element_type=\"section\">\n\t\t\t\t\t\t<div class=\"elementor-container elementor-column-gap-default\">\n\t\t\t\t\t<div class=\"elementor-column elementor-col-100 elementor-top-column elementor-element elementor-element-2e7f231\" data-id=\"2e7f231\" data-element_type=\"column\">\n\t\t\t<div class=\"elementor-widget-wrap elementor-element-populated\">\n\t\t\t\t\t\t\t\t<div class=\"elementor-element elementor-element-d625533 elementor-widget elementor-widget-spacer\" data-id=\"d625533\" data-element_type=\"widget\" data-widget_type=\"spacer.default\">\n\t\t\t\t<div class=\"elementor-widget-container\">\n\t\t\t\t\t<div class=\"elementor-spacer\">\n\t\t\t<div class=\"elementor-spacer-inner\"><\/div>\n\t\t<\/div>\n\t\t\t\t<\/div>\n\t\t\t\t<\/div>\n\t\t\t\t\t<\/div>\n\t\t<\/div>\n\t\t\t\t\t\t\t<\/div>\n\t\t<\/section>\n\t\t\t\t<section class=\"elementor-section elementor-top-section elementor-element elementor-element-aff74b1 elementor-section-content-middle elementor-section-boxed elementor-section-height-default elementor-section-height-default\" data-id=\"aff74b1\" data-element_type=\"section\" data-settings=\"{&quot;background_background&quot;:&quot;gradient&quot;}\">\n\t\t\t\t\t\t\t<div class=\"elementor-background-overlay\"><\/div>\n\t\t\t\t\t\t\t<div class=\"elementor-container elementor-column-gap-default\">\n\t\t\t\t\t<div class=\"elementor-column elementor-col-50 elementor-top-column elementor-element elementor-element-37df2e32\" data-id=\"37df2e32\" data-element_type=\"column\">\n\t\t\t<div class=\"elementor-widget-wrap elementor-element-populated\">\n\t\t\t\t\t\t\t\t<div class=\"elementor-element elementor-element-1c86d8 elementor-widget elementor-widget-heading\" data-id=\"1c86d8\" data-element_type=\"widget\" data-widget_type=\"heading.default\">\n\t\t\t\t<div class=\"elementor-widget-container\">\n\t\t\t<h1 class=\"elementor-heading-title elementor-size-default\">Mobil\u0103 de birou \u0219i HORECA<\/h1>\t\t<\/div>\n\t\t\t\t<\/div>\n\t\t\t\t<div class=\"elementor-element elementor-element-593d48ac elementor-widget elementor-widget-heading\" data-id=\"593d48ac\" data-element_type=\"widget\" data-widget_type=\"heading.default\">\n\t\t\t\t<div class=\"elementor-widget-container\">\n\t\t\t<h5 class=\"elementor-heading-title elementor-size-default\">Mobil\u0103 second hand de calitate superioar\u0103<\/h5>\t\t<\/div>\n\t\t\t\t<\/div>\n\t\t\t\t<div class=\"elementor-element elementor-element-3b2eeb4f elementor-widget elementor-widget-text-editor\" data-id=\"3b2eeb4f\" data-element_type=\"widget\" data-widget_type=\"text-editor.default\">\n\t\t\t\t<div class=\"elementor-widget-container\">\n\t\t\t\t\t\t\t\t\t\t\t\t\t<\/div>\n\t\t\t\t<\/div>\n\t\t\t\t<div class=\"elementor-element elementor-element-18242b64 elementor-widget elementor-widget-button\" data-id=\"18242b64\" data-element_type=\"widget\" data-widget_type=\"button.default\">\n\t\t\t\t<div class=\"elementor-widget-container\">\n\t\t\t\t\t<div class=\"elementor-button-wrapper\">\n\t\t\t<a class=\"elementor-button elementor-button-link elementor-size-lg\" href=\"https:\/\/mobila.rembasm.ro\/?post_type=product\">\n\t\t\t\t\t\t<span class=\"elementor-button-content-wrapper\">\n\t\t\t\t\t\t<span class=\"elementor-button-icon elementor-align-icon-right\">\n\t\t\t\t<i aria-hidden=\"true\" class=\"fas fa-angle-right\"><\/i>\t\t\t<\/span>\n\t\t\t\t\t\t<span class=\"elementor-button-text\">Produse<\/span>\n\t\t<\/span>\n\t\t\t\t\t<\/a>\n\t\t<\/div>\n\t\t\t\t<\/div>\n\t\t\t\t<\/div>\n\t\t\t\t\t<\/div>\n\t\t<\/div>\n\t\t\t\t<div class=\"elementor-column elementor-col-50 elementor-top-column elementor-element elementor-element-5a8409ff\" data-id=\"5a8409ff\" data-element_type=\"column\">\n\t\t\t<div class=\"elementor-widget-wrap elementor-element-populated\">\n\t\t\t\t\t\t\t\t<div class=\"elementor-element elementor-element-419a551 elementor-arrows-position-inside elementor-pagination-position-outside elementor-widget elementor-widget-image-carousel\" data-id=\"419a551\" data-element_type=\"widget\" data-settings=\"{&quot;slides_to_show&quot;:&quot;1&quot;,&quot;pause_on_hover&quot;:&quot;no&quot;,&quot;speed&quot;:1300,&quot;autoplay_speed&quot;:3000,&quot;navigation&quot;:&quot;both&quot;,&quot;autoplay&quot;:&quot;yes&quot;,&quot;pause_on_interaction&quot;:&quot;yes&quot;,&quot;infinite&quot;:&quot;yes&quot;,&quot;effect&quot;:&quot;slide&quot;}\" data-widget_type=\"image-carousel.default\">\n\t\t\t\t<div class=\"elementor-widget-container\">\n\t\t\t\t\t<div class=\"elementor-image-carousel-wrapper swiper-container\" dir=\"ltr\">\n\t\t\t<div class=\"elementor-image-carousel swiper-wrapper\" aria-live=\"off\">\n\t\t\t\t\t\t\t\t<div class=\"swiper-slide\" role=\"group\" aria-roledescription=\"slide\" aria-label=\"1 of 4\"><a data-elementor-open-lightbox=\"yes\" data-elementor-lightbox-slideshow=\"419a551\" data-elementor-lightbox-title=\"toguna alba a\" data-e-action-hash=\"#elementor-action%3Aaction%3Dlightbox%26settings%3DeyJpZCI6MjM5NCwidXJsIjoiaHR0cHM6XC9cL21vYmlsYS5yZW1iYXNtLnJvXC93cC1jb250ZW50XC91cGxvYWRzXC8yMDIxXC8wM1wvdG9ndW5hLWFsYmEtYS5naWYiLCJzbGlkZXNob3ciOiI0MTlhNTUxIn0%3D\" href=\"https:\/\/mobila.rembasm.ro\/?post_type=product\"><figure class=\"swiper-slide-inner\"><img decoding=\"async\" class=\"swiper-slide-image\" src=\"https:\/\/mobila.rembasm.ro\/wp-content\/uploads\/2021\/03\/toguna-alba-a.gif\" alt=\"Separeu Bene Toguna\" \/><\/figure><\/a><\/div><div class=\"swiper-slide\" role=\"group\" aria-roledescription=\"slide\" aria-label=\"2 of 4\"><a data-elementor-open-lightbox=\"yes\" data-elementor-lightbox-slideshow=\"419a551\" data-elementor-lightbox-title=\"Birou cire\u0219 fara separator\" data-e-action-hash=\"#elementor-action%3Aaction%3Dlightbox%26settings%3DeyJpZCI6MjIwOCwidXJsIjoiaHR0cHM6XC9cL21vYmlsYS5yZW1iYXNtLnJvXC93cC1jb250ZW50XC91cGxvYWRzXC8yMDIxXC8wMlwvQmlyb3UtY2lyZXMtZmFyYS1zZXBhcmF0b3IucG5nIiwic2xpZGVzaG93IjoiNDE5YTU1MSJ9\" href=\"https:\/\/mobila.rembasm.ro\/?post_type=product\"><figure class=\"swiper-slide-inner\"><img decoding=\"async\" class=\"swiper-slide-image\" src=\"https:\/\/mobila.rembasm.ro\/wp-content\/uploads\/2021\/02\/Birou-cires-fara-separator.png\" alt=\"Set birou\" \/><\/figure><\/a><\/div><div class=\"swiper-slide\" role=\"group\" aria-roledescription=\"slide\" aria-label=\"3 of 4\"><a data-elementor-open-lightbox=\"yes\" data-elementor-lightbox-slideshow=\"419a551\" data-elementor-lightbox-title=\"TOguna Verde a\" data-e-action-hash=\"#elementor-action%3Aaction%3Dlightbox%26settings%3DeyJpZCI6MjQyMCwidXJsIjoiaHR0cHM6XC9cL21vYmlsYS5yZW1iYXNtLnJvXC93cC1jb250ZW50XC91cGxvYWRzXC8yMDIxXC8wM1wvVE9ndW5hLVZlcmRlLWEuanBnIiwic2xpZGVzaG93IjoiNDE5YTU1MSJ9\" href=\"https:\/\/mobila.rembasm.ro\/?post_type=product\"><figure class=\"swiper-slide-inner\"><img decoding=\"async\" class=\"swiper-slide-image\" src=\"https:\/\/mobila.rembasm.ro\/wp-content\/uploads\/2021\/03\/TOguna-Verde-a.jpg\" alt=\"TOguna Verde a\" \/><\/figure><\/a><\/div><div class=\"swiper-slide\" role=\"group\" aria-roledescription=\"slide\" aria-label=\"4 of 4\"><a data-elementor-open-lightbox=\"yes\" data-elementor-lightbox-slideshow=\"419a551\" data-elementor-lightbox-title=\"DSC_6706\" data-e-action-hash=\"#elementor-action%3Aaction%3Dlightbox%26settings%3DeyJpZCI6MjIxMywidXJsIjoiaHR0cHM6XC9cL21vYmlsYS5yZW1iYXNtLnJvXC93cC1jb250ZW50XC91cGxvYWRzXC8yMDIxXC8wMlwvRFNDXzY3MDYtMi5qcGciLCJzbGlkZXNob3ciOiI0MTlhNTUxIn0%3D\" href=\"https:\/\/mobila.rembasm.ro\/?post_type=product\"><figure class=\"swiper-slide-inner\"><img decoding=\"async\" class=\"swiper-slide-image\" src=\"https:\/\/mobila.rembasm.ro\/wp-content\/uploads\/2021\/02\/DSC_6706-2.jpg\" alt=\"Birou directorial\" \/><\/figure><\/a><\/div>\t\t\t<\/div>\n\t\t\t\t\t\t\t\t\t\t\t\t<div class=\"elementor-swiper-button elementor-swiper-button-prev\" role=\"button\" tabindex=\"0\">\n\t\t\t\t\t\t<i aria-hidden=\"true\" class=\"eicon-chevron-left\"><\/i>\t\t\t\t\t<\/div>\n\t\t\t\t\t<div class=\"elementor-swiper-button elementor-swiper-button-next\" role=\"button\" tabindex=\"0\">\n\t\t\t\t\t\t<i aria-hidden=\"true\" class=\"eicon-chevron-right\"><\/i>\t\t\t\t\t<\/div>\n\t\t\t\t\n\t\t\t\t\t\t\t\t\t<div class=\"swiper-pagination\"><\/div>\n\t\t\t\t\t\t\t\t\t<\/div>\n\t\t\t\t<\/div>\n\t\t\t\t<\/div>\n\t\t\t\t\t<\/div>\n\t\t<\/div>\n\t\t\t\t\t\t\t<\/div>\n\t\t<\/section>\n\t\t\t\t<section class=\"elementor-section elementor-top-section elementor-element elementor-element-cb8b407 elementor-section-stretched elementor-section-full_width elementor-hidden-phone elementor-reverse-tablet elementor-reverse-mobile elementor-section-height-default elementor-section-height-default\" data-id=\"cb8b407\" data-element_type=\"section\" data-settings=\"{&quot;stretch_section&quot;:&quot;section-stretched&quot;}\">\n\t\t\t\t\t\t<div class=\"elementor-container elementor-column-gap-default\">\n\t\t\t\t\t<div class=\"elementor-column elementor-col-100 elementor-top-column elementor-element elementor-element-3264865\" data-id=\"3264865\" data-element_type=\"column\">\n\t\t\t<div class=\"elementor-widget-wrap elementor-element-populated\">\n\t\t\t\t\t\t\t\t<div class=\"elementor-element elementor-element-b294ce9 elementor-widget elementor-widget-image\" data-id=\"b294ce9\" data-element_type=\"widget\" data-widget_type=\"image.default\">\n\t\t\t\t<div class=\"elementor-widget-container\">\n\t\t\t\t\t\t\t\t\t\t\t\t\t\t\t<img decoding=\"async\" src=\"https:\/\/mobila.rembasm.ro\/wp-content\/uploads\/2019\/06\/graphic05-free-img.png\" title=\"\" alt=\"\" loading=\"lazy\" \/>\t\t\t\t\t\t\t\t\t\t\t\t\t\t\t<\/div>\n\t\t\t\t<\/div>\n\t\t\t\t\t<\/div>\n\t\t<\/div>\n\t\t\t\t\t\t\t<\/div>\n\t\t<\/section>\n\t\t\t\t\t\t\t<\/div>\n\t\t","protected":false},"excerpt":{"rendered":"<p>Mobil\u0103 de birou \u0219i HORECA Mobil\u0103 second hand de calitate superioar\u0103 Produse Anterioar\u0103 Urm\u0103toare<\/p>\n","protected":false},"author":1,"featured_media":0,"parent":0,"menu_order":0,"comment_status":"closed","ping_status":"closed","template":"","meta":{"footnotes":""},"class_list":["post-95","page","type-page","status-publish","hentry"],"yoast_head":"<!-- This site is optimized with the Yoast SEO plugin v21.7 - https:\/\/yoast.com\/wordpress\/plugins\/seo\/ -->\n<title>Home - Mobil\u0103 Remba<\/title>\n<meta name=\"robots\" content=\"index, follow, max-snippet:-1, max-image-preview:large, max-video-preview:-1\" \/>\n<link rel=\"canonical\" href=\"https:\/\/mobila.rembasm.ro\/\" \/>\n<meta property=\"og:locale\" content=\"ro_RO\" \/>\n<meta property=\"og:type\" content=\"article\" \/>\n<meta property=\"og:title\" content=\"Home - Mobil\u0103 Remba\" \/>\n<meta property=\"og:description\" content=\"Mobil\u0103 de birou \u0219i HORECA Mobil\u0103 second hand de calitate superioar\u0103 Produse Anterioar\u0103 Urm\u0103toare\" \/>\n<meta property=\"og:url\" content=\"https:\/\/mobila.rembasm.ro\/\" \/>\n<meta property=\"og:site_name\" content=\"Mobil\u0103 Remba\" \/>\n<meta property=\"article:modified_time\" content=\"2021-03-08T14:32:16+00:00\" \/>\n<meta property=\"og:image\" content=\"https:\/\/mobila.rembasm.ro\/wp-content\/uploads\/2021\/03\/toguna-alba-a.gif\" \/>\n<meta name=\"twitter:card\" content=\"summary_large_image\" \/>\n<meta name=\"twitter:label1\" content=\"Timp estimat pentru citire\" \/>\n\t<meta name=\"twitter:data1\" content=\"2 minute\" \/>\n<script type=\"application\/ld+json\" class=\"yoast-schema-graph\">{\"@context\":\"https:\/\/schema.org\",\"@graph\":[{\"@type\":\"WebPage\",\"@id\":\"https:\/\/mobila.rembasm.ro\/\",\"url\":\"https:\/\/mobila.rembasm.ro\/\",\"name\":\"Home - Mobil\u0103 Remba\",\"isPartOf\":{\"@id\":\"https:\/\/mobila.rembasm.ro\/#website\"},\"datePublished\":\"2018-06-18T06:57:36+00:00\",\"dateModified\":\"2021-03-08T14:32:16+00:00\",\"breadcrumb\":{\"@id\":\"https:\/\/mobila.rembasm.ro\/#breadcrumb\"},\"inLanguage\":\"ro-RO\",\"potentialAction\":[{\"@type\":\"ReadAction\",\"target\":[\"https:\/\/mobila.rembasm.ro\/\"]}]},{\"@type\":\"BreadcrumbList\",\"@id\":\"https:\/\/mobila.rembasm.ro\/#breadcrumb\",\"itemListElement\":[{\"@type\":\"ListItem\",\"position\":1,\"name\":\"Home\",\"item\":\"https:\/\/mobila.rembasm.ro\/\"},{\"@type\":\"ListItem\",\"position\":2,\"name\":\"Home\"}]},{\"@type\":\"WebSite\",\"@id\":\"https:\/\/mobila.rembasm.ro\/#website\",\"url\":\"https:\/\/mobila.rembasm.ro\/\",\"name\":\"Mobirem\",\"description\":\"Mobil\u0103 pentru birou second-hand import Germania\",\"publisher\":{\"@id\":\"https:\/\/mobila.rembasm.ro\/#organization\"},\"potentialAction\":[{\"@type\":\"SearchAction\",\"target\":{\"@type\":\"EntryPoint\",\"urlTemplate\":\"https:\/\/mobila.rembasm.ro\/?s={search_term_string}\"},\"query-input\":\"required name=search_term_string\"}],\"inLanguage\":\"ro-RO\"},{\"@type\":\"Organization\",\"@id\":\"https:\/\/mobila.rembasm.ro\/#organization\",\"name\":\"RembaSM\",\"url\":\"https:\/\/mobila.rembasm.ro\/\",\"logo\":{\"@type\":\"ImageObject\",\"inLanguage\":\"ro-RO\",\"@id\":\"https:\/\/mobila.rembasm.ro\/#\/schema\/logo\/image\/\",\"url\":\"https:\/\/mobila.rembasm.ro\/wp-content\/uploads\/2021\/02\/LogoMakr-0SnqOi.png\",\"contentUrl\":\"https:\/\/mobila.rembasm.ro\/wp-content\/uploads\/2021\/02\/LogoMakr-0SnqOi.png\",\"width\":300,\"height\":133,\"caption\":\"RembaSM\"},\"image\":{\"@id\":\"https:\/\/mobila.rembasm.ro\/#\/schema\/logo\/image\/\"}}]}<\/script>\n<!-- \/ Yoast SEO plugin. -->","yoast_head_json":{"title":"Home - Mobil\u0103 Remba","robots":{"index":"index","follow":"follow","max-snippet":"max-snippet:-1","max-image-preview":"max-image-preview:large","max-video-preview":"max-video-preview:-1"},"canonical":"https:\/\/mobila.rembasm.ro\/","og_locale":"ro_RO","og_type":"article","og_title":"Home - Mobil\u0103 Remba","og_description":"Mobil\u0103 de birou \u0219i HORECA Mobil\u0103 second hand de calitate superioar\u0103 Produse Anterioar\u0103 Urm\u0103toare","og_url":"https:\/\/mobila.rembasm.ro\/","og_site_name":"Mobil\u0103 Remba","article_modified_time":"2021-03-08T14:32:16+00:00","og_image":[{"url":"https:\/\/mobila.rembasm.ro\/wp-content\/uploads\/2021\/03\/toguna-alba-a.gif"}],"twitter_card":"summary_large_image","twitter_misc":{"Timp estimat pentru citire":"2 minute"},"schema":{"@context":"https:\/\/schema.org","@graph":[{"@type":"WebPage","@id":"https:\/\/mobila.rembasm.ro\/","url":"https:\/\/mobila.rembasm.ro\/","name":"Home - Mobil\u0103 Remba","isPartOf":{"@id":"https:\/\/mobila.rembasm.ro\/#website"},"datePublished":"2018-06-18T06:57:36+00:00","dateModified":"2021-03-08T14:32:16+00:00","breadcrumb":{"@id":"https:\/\/mobila.rembasm.ro\/#breadcrumb"},"inLanguage":"ro-RO","potentialAction":[{"@type":"ReadAction","target":["https:\/\/mobila.rembasm.ro\/"]}]},{"@type":"BreadcrumbList","@id":"https:\/\/mobila.rembasm.ro\/#breadcrumb","itemListElement":[{"@type":"ListItem","position":1,"name":"Home","item":"https:\/\/mobila.rembasm.ro\/"},{"@type":"ListItem","position":2,"name":"Home"}]},{"@type":"WebSite","@id":"https:\/\/mobila.rembasm.ro\/#website","url":"https:\/\/mobila.rembasm.ro\/","name":"Mobirem","description":"Mobil\u0103 pentru birou second-hand import Germania","publisher":{"@id":"https:\/\/mobila.rembasm.ro\/#organization"},"potentialAction":[{"@type":"SearchAction","target":{"@type":"EntryPoint","urlTemplate":"https:\/\/mobila.rembasm.ro\/?s={search_term_string}"},"query-input":"required name=search_term_string"}],"inLanguage":"ro-RO"},{"@type":"Organization","@id":"https:\/\/mobila.rembasm.ro\/#organization","name":"RembaSM","url":"https:\/\/mobila.rembasm.ro\/","logo":{"@type":"ImageObject","inLanguage":"ro-RO","@id":"https:\/\/mobila.rembasm.ro\/#\/schema\/logo\/image\/","url":"https:\/\/mobila.rembasm.ro\/wp-content\/uploads\/2021\/02\/LogoMakr-0SnqOi.png","contentUrl":"https:\/\/mobila.rembasm.ro\/wp-content\/uploads\/2021\/02\/LogoMakr-0SnqOi.png","width":300,"height":133,"caption":"RembaSM"},"image":{"@id":"https:\/\/mobila.rembasm.ro\/#\/schema\/logo\/image\/"}}]}},"_links":{"self":[{"href":"https:\/\/mobila.rembasm.ro\/index.php?rest_route=\/wp\/v2\/pages\/95","targetHints":{"allow":["GET"]}}],"collection":[{"href":"https:\/\/mobila.rembasm.ro\/index.php?rest_route=\/wp\/v2\/pages"}],"about":[{"href":"https:\/\/mobila.rembasm.ro\/index.php?rest_route=\/wp\/v2\/types\/page"}],"author":[{"embeddable":true,"href":"https:\/\/mobila.rembasm.ro\/index.php?rest_route=\/wp\/v2\/users\/1"}],"replies":[{"embeddable":true,"href":"https:\/\/mobila.rembasm.ro\/index.php?rest_route=%2Fwp%2Fv2%2Fcomments&post=95"}],"version-history":[{"count":70,"href":"https:\/\/mobila.rembasm.ro\/index.php?rest_route=\/wp\/v2\/pages\/95\/revisions"}],"predecessor-version":[{"id":2570,"href":"https:\/\/mobila.rembasm.ro\/index.php?rest_route=\/wp\/v2\/pages\/95\/revisions\/2570"}],"wp:attachment":[{"href":"https:\/\/mobila.rembasm.ro\/index.php?rest_route=%2Fwp%2Fv2%2Fmedia&parent=95"}],"curies":[{"name":"wp","href":"https:\/\/api.w.org\/{rel}","templated":true}]}}