{"id":2361,"date":"2021-03-04T13:22:49","date_gmt":"2021-03-04T11:22:49","guid":{"rendered":"https:\/\/mobila.rembasm.ro\/?post_type=product&#038;p=2361"},"modified":"2021-03-05T08:12:51","modified_gmt":"2021-03-05T06:12:51","slug":"scaun-vizitator-negru-de-piele-cu-spatar-de-panza","status":"publish","type":"product","link":"https:\/\/mobila.rembasm.ro\/?product=scaun-vizitator-negru-de-piele-cu-spatar-de-panza","title":{"rendered":"Scaun vizitator negru de piele cu sp\u0103tar de p\u00e2nz\u0103"},"content":{"rendered":"","protected":false},"excerpt":{"rendered":"","protected":false},"featured_media":2362,"comment_status":"open","ping_status":"closed","template":"","meta":[],"product_cat":[30],"product_tag":[],"class_list":{"0":"post-2361","1":"product","2":"type-product","3":"status-publish","4":"has-post-thumbnail","6":"product_cat-scaune","8":"first","9":"instock","10":"shipping-taxable","11":"product-type-external"},"yoast_head":"<!-- This site is optimized with the Yoast SEO plugin v21.7 - https:\/\/yoast.com\/wordpress\/plugins\/seo\/ -->\n<title>Scaun vizitator negru de piele cu sp\u0103tar de p\u00e2nz\u0103 - Mobil\u0103 Remba<\/title>\n<meta name=\"robots\" content=\"index, follow, max-snippet:-1, max-image-preview:large, max-video-preview:-1\" \/>\n<link rel=\"canonical\" href=\"https:\/\/mobila.rembasm.ro\/?product=scaun-vizitator-negru-de-piele-cu-spatar-de-panza\" \/>\n<meta property=\"og:locale\" content=\"ro_RO\" \/>\n<meta property=\"og:type\" content=\"article\" \/>\n<meta property=\"og:title\" content=\"Scaun vizitator negru de piele cu sp\u0103tar de p\u00e2nz\u0103 - Mobil\u0103 Remba\" \/>\n<meta property=\"og:url\" content=\"https:\/\/mobila.rembasm.ro\/?product=scaun-vizitator-negru-de-piele-cu-spatar-de-panza\" \/>\n<meta property=\"og:site_name\" content=\"Mobil\u0103 Remba\" \/>\n<meta property=\"article:modified_time\" content=\"2021-03-05T06:12:51+00:00\" \/>\n<meta property=\"og:image\" content=\"https:\/\/mobila.rembasm.ro\/wp-content\/uploads\/2021\/03\/scaun-vizitator-piele-negru-cu-spate-panza.gif\" \/>\n\t<meta property=\"og:image:width\" content=\"630\" \/>\n\t<meta property=\"og:image:height\" content=\"420\" \/>\n\t<meta property=\"og:image:type\" content=\"image\/gif\" \/>\n<meta name=\"twitter:card\" content=\"summary_large_image\" \/>\n<script type=\"application\/ld+json\" class=\"yoast-schema-graph\">{\"@context\":\"https:\/\/schema.org\",\"@graph\":[{\"@type\":\"WebPage\",\"@id\":\"https:\/\/mobila.rembasm.ro\/?product=scaun-vizitator-negru-de-piele-cu-spatar-de-panza\",\"url\":\"https:\/\/mobila.rembasm.ro\/?product=scaun-vizitator-negru-de-piele-cu-spatar-de-panza\",\"name\":\"Scaun vizitator negru de piele cu sp\u0103tar de p\u00e2nz\u0103 - Mobil\u0103 Remba\",\"isPartOf\":{\"@id\":\"https:\/\/mobila.rembasm.ro\/#website\"},\"datePublished\":\"2021-03-04T11:22:49+00:00\",\"dateModified\":\"2021-03-05T06:12:51+00:00\",\"breadcrumb\":{\"@id\":\"https:\/\/mobila.rembasm.ro\/?product=scaun-vizitator-negru-de-piele-cu-spatar-de-panza#breadcrumb\"},\"inLanguage\":\"ro-RO\",\"potentialAction\":[{\"@type\":\"ReadAction\",\"target\":[\"https:\/\/mobila.rembasm.ro\/?product=scaun-vizitator-negru-de-piele-cu-spatar-de-panza\"]}]},{\"@type\":\"BreadcrumbList\",\"@id\":\"https:\/\/mobila.rembasm.ro\/?product=scaun-vizitator-negru-de-piele-cu-spatar-de-panza#breadcrumb\",\"itemListElement\":[{\"@type\":\"ListItem\",\"position\":1,\"name\":\"Home\",\"item\":\"https:\/\/mobila.rembasm.ro\/\"},{\"@type\":\"ListItem\",\"position\":2,\"name\":\"Shop\",\"item\":\"https:\/\/mobila.rembasm.ro\/?page_id=45\"},{\"@type\":\"ListItem\",\"position\":3,\"name\":\"Scaun vizitator negru de piele cu sp\u0103tar de p\u00e2nz\u0103\"}]},{\"@type\":\"WebSite\",\"@id\":\"https:\/\/mobila.rembasm.ro\/#website\",\"url\":\"https:\/\/mobila.rembasm.ro\/\",\"name\":\"Mobirem\",\"description\":\"Mobil\u0103 pentru birou second-hand import Germania\",\"publisher\":{\"@id\":\"https:\/\/mobila.rembasm.ro\/#organization\"},\"potentialAction\":[{\"@type\":\"SearchAction\",\"target\":{\"@type\":\"EntryPoint\",\"urlTemplate\":\"https:\/\/mobila.rembasm.ro\/?s={search_term_string}\"},\"query-input\":\"required name=search_term_string\"}],\"inLanguage\":\"ro-RO\"},{\"@type\":\"Organization\",\"@id\":\"https:\/\/mobila.rembasm.ro\/#organization\",\"name\":\"RembaSM\",\"url\":\"https:\/\/mobila.rembasm.ro\/\",\"logo\":{\"@type\":\"ImageObject\",\"inLanguage\":\"ro-RO\",\"@id\":\"https:\/\/mobila.rembasm.ro\/#\/schema\/logo\/image\/\",\"url\":\"https:\/\/mobila.rembasm.ro\/wp-content\/uploads\/2021\/02\/LogoMakr-0SnqOi.png\",\"contentUrl\":\"https:\/\/mobila.rembasm.ro\/wp-content\/uploads\/2021\/02\/LogoMakr-0SnqOi.png\",\"width\":300,\"height\":133,\"caption\":\"RembaSM\"},\"image\":{\"@id\":\"https:\/\/mobila.rembasm.ro\/#\/schema\/logo\/image\/\"}}]}<\/script>\n<!-- \/ Yoast SEO plugin. -->","yoast_head_json":{"title":"Scaun vizitator negru de piele cu sp\u0103tar de p\u00e2nz\u0103 - Mobil\u0103 Remba","robots":{"index":"index","follow":"follow","max-snippet":"max-snippet:-1","max-image-preview":"max-image-preview:large","max-video-preview":"max-video-preview:-1"},"canonical":"https:\/\/mobila.rembasm.ro\/?product=scaun-vizitator-negru-de-piele-cu-spatar-de-panza","og_locale":"ro_RO","og_type":"article","og_title":"Scaun vizitator negru de piele cu sp\u0103tar de p\u00e2nz\u0103 - Mobil\u0103 Remba","og_url":"https:\/\/mobila.rembasm.ro\/?product=scaun-vizitator-negru-de-piele-cu-spatar-de-panza","og_site_name":"Mobil\u0103 Remba","article_modified_time":"2021-03-05T06:12:51+00:00","og_image":[{"width":630,"height":420,"url":"https:\/\/mobila.rembasm.ro\/wp-content\/uploads\/2021\/03\/scaun-vizitator-piele-negru-cu-spate-panza.gif","type":"image\/gif"}],"twitter_card":"summary_large_image","schema":{"@context":"https:\/\/schema.org","@graph":[{"@type":"WebPage","@id":"https:\/\/mobila.rembasm.ro\/?product=scaun-vizitator-negru-de-piele-cu-spatar-de-panza","url":"https:\/\/mobila.rembasm.ro\/?product=scaun-vizitator-negru-de-piele-cu-spatar-de-panza","name":"Scaun vizitator negru de piele cu sp\u0103tar de p\u00e2nz\u0103 - Mobil\u0103 Remba","isPartOf":{"@id":"https:\/\/mobila.rembasm.ro\/#website"},"datePublished":"2021-03-04T11:22:49+00:00","dateModified":"2021-03-05T06:12:51+00:00","breadcrumb":{"@id":"https:\/\/mobila.rembasm.ro\/?product=scaun-vizitator-negru-de-piele-cu-spatar-de-panza#breadcrumb"},"inLanguage":"ro-RO","potentialAction":[{"@type":"ReadAction","target":["https:\/\/mobila.rembasm.ro\/?product=scaun-vizitator-negru-de-piele-cu-spatar-de-panza"]}]},{"@type":"BreadcrumbList","@id":"https:\/\/mobila.rembasm.ro\/?product=scaun-vizitator-negru-de-piele-cu-spatar-de-panza#breadcrumb","itemListElement":[{"@type":"ListItem","position":1,"name":"Home","item":"https:\/\/mobila.rembasm.ro\/"},{"@type":"ListItem","position":2,"name":"Shop","item":"https:\/\/mobila.rembasm.ro\/?page_id=45"},{"@type":"ListItem","position":3,"name":"Scaun vizitator negru de piele cu sp\u0103tar de p\u00e2nz\u0103"}]},{"@type":"WebSite","@id":"https:\/\/mobila.rembasm.ro\/#website","url":"https:\/\/mobila.rembasm.ro\/","name":"Mobirem","description":"Mobil\u0103 pentru birou second-hand import Germania","publisher":{"@id":"https:\/\/mobila.rembasm.ro\/#organization"},"potentialAction":[{"@type":"SearchAction","target":{"@type":"EntryPoint","urlTemplate":"https:\/\/mobila.rembasm.ro\/?s={search_term_string}"},"query-input":"required name=search_term_string"}],"inLanguage":"ro-RO"},{"@type":"Organization","@id":"https:\/\/mobila.rembasm.ro\/#organization","name":"RembaSM","url":"https:\/\/mobila.rembasm.ro\/","logo":{"@type":"ImageObject","inLanguage":"ro-RO","@id":"https:\/\/mobila.rembasm.ro\/#\/schema\/logo\/image\/","url":"https:\/\/mobila.rembasm.ro\/wp-content\/uploads\/2021\/02\/LogoMakr-0SnqOi.png","contentUrl":"https:\/\/mobila.rembasm.ro\/wp-content\/uploads\/2021\/02\/LogoMakr-0SnqOi.png","width":300,"height":133,"caption":"RembaSM"},"image":{"@id":"https:\/\/mobila.rembasm.ro\/#\/schema\/logo\/image\/"}}]}},"_links":{"self":[{"href":"https:\/\/mobila.rembasm.ro\/index.php?rest_route=\/wp\/v2\/product\/2361","targetHints":{"allow":["GET"]}}],"collection":[{"href":"https:\/\/mobila.rembasm.ro\/index.php?rest_route=\/wp\/v2\/product"}],"about":[{"href":"https:\/\/mobila.rembasm.ro\/index.php?rest_route=\/wp\/v2\/types\/product"}],"replies":[{"embeddable":true,"href":"https:\/\/mobila.rembasm.ro\/index.php?rest_route=%2Fwp%2Fv2%2Fcomments&post=2361"}],"wp:featuredmedia":[{"embeddable":true,"href":"https:\/\/mobila.rembasm.ro\/index.php?rest_route=\/wp\/v2\/media\/2362"}],"wp:attachment":[{"href":"https:\/\/mobila.rembasm.ro\/index.php?rest_route=%2Fwp%2Fv2%2Fmedia&parent=2361"}],"wp:term":[{"taxonomy":"product_cat","embeddable":true,"href":"https:\/\/mobila.rembasm.ro\/index.php?rest_route=%2Fwp%2Fv2%2Fproduct_cat&post=2361"},{"taxonomy":"product_tag","embeddable":true,"href":"https:\/\/mobila.rembasm.ro\/index.php?rest_route=%2Fwp%2Fv2%2Fproduct_tag&post=2361"}],"curies":[{"name":"wp","href":"https:\/\/api.w.org\/{rel}","templated":true}]}}