{"id":2400,"date":"2021-03-04T16:40:21","date_gmt":"2021-03-04T14:40:21","guid":{"rendered":"https:\/\/mobila.rembasm.ro\/?post_type=product&#038;p=2400"},"modified":"2021-03-06T14:21:24","modified_gmt":"2021-03-06T12:21:24","slug":"masa-sedus-culoare-cires","status":"publish","type":"product","link":"https:\/\/mobila.rembasm.ro\/?product=masa-sedus-culoare-cires","title":{"rendered":"Mas\u0103 Sedus culoare cire\u0219"},"content":{"rendered":"<p>1) Produsele din gama SH sunt piese deja utilizate, ce se prezint\u0103 \u00eentr-o stare bun\u0103 sau foarte bun\u0103 \u0219i fac parte din portofoliul unor produc\u0103tori renumi\u021bi la nivel international. Produsele beneficiaz\u0103 de garan\u021bie dar doar \u00een cazul unor contracte semnate individual \u0219i vor fi discutate la momentul semn\u0103rii. Pe suprafa\u021ba produselor pot ap\u0103rea semnele de uzur\u0103 normale spre ex: zg\u00e2rieturi u\u0219oare de suprafa\u021b\u0103, pete sau deterior\u0103ri minore ce pot ap\u0103rea pe suprafa\u021ba mobilierului folosit), \u00een cazul unor urme grave de utilizare, la descrierea articolului se va men\u021biona acest aspect. Semnele de uzur\u0103 obi\u0219nuite nu sunt considerate defecte iar \u00een consecin\u021b\u0103 nu pot fi motivul revendic\u0103rii garan\u021biei sau a returului. Articolele prev\u0103zute cu cheie vor fi livrate cu cheie asociat\u0103 produsului \u00een caz contrar acest lucru va fi men\u021bionat \u00een descrierea fiec\u0103rui produs \u00een parte.<\/p>\n<p>2)SC RembaSM \u00a0SRL men\u021bioneaz\u0103 c\u0103 imaginile sunt cu scop de prezentare astfel c\u0103 produsele pot prezenta urme normale de utilizare, pentru a v\u0103 convinge de starea actual\u0103 a produselor livrate v\u0103 invit\u0103m \u00een showroom-ul nostru din Satu Mare. SC RembaSM SRL nu va livra produse a c\u0103ror stare este categorisit\u0103 ca neadecvat\u0103 sau rea dec\u00e2t \u00een urma semn\u0103rii unui contract \u00een care se men\u021bioneaz\u0103 \u00een mod expres acest lucru.<\/p>\n<p>3) Categorii Mobilier<\/p>\n<p>-Foarte bun\u0103 \u2013 cuprinde articolele ce prezint\u0103 foarte pu\u021bine urme de utilizare sau sunt neutilizate<\/p>\n<p>-Bun\u0103 \u2013 cuprinde articolele ce prezinta urme fine de utilizare<\/p>\n<p>-Rea \u2013 cuprinde articolele ce prezint\u0103 zg\u00e2rieturi ad\u00e2nci \u0219i sau urme de lovire<\/p>\n<p>-Neadecvat\u0103 \u2013 cuprinde articolele cu piese lips\u0103 sau cu urme de utilizare evidente.<\/p>\n<p>4) Culorile \u0219i dimensiunile oferite de noi prin mijloacele online (website, retele sociale, email ) nu sunt supuse unor standarde exacte astfel c\u0103 imaginea de prezentare poate suferi varia\u021bii de culoare \u00een func\u021bie de set\u0103rile monitorului dumneavostr\u0103.<\/p>\n<p>Produsele RembaSM sunt de calitate superioar\u0103 apar\u021bin\u00e2nd portofoliului unor produc\u0103tori consacra\u021bi la nivel interna\u021bional.<\/p>\n<p>&nbsp;<\/p>\n<p>&nbsp;<\/p>\n<p>&nbsp;<\/p>\n","protected":false},"excerpt":{"rendered":"<p>Dimensiuni: 80 x 80 x 72<\/p>\n<p>Stare: bun\u0103<\/p>\n<p>Stoc: suficient<\/p>\n","protected":false},"featured_media":2401,"comment_status":"open","ping_status":"closed","template":"","meta":[],"product_cat":[25],"product_tag":[],"class_list":{"0":"post-2400","1":"product","2":"type-product","3":"status-publish","4":"has-post-thumbnail","6":"product_cat-mese","8":"first","9":"instock","10":"shipping-taxable","11":"product-type-external"},"yoast_head":"<!-- This site is optimized with the Yoast SEO plugin v21.7 - https:\/\/yoast.com\/wordpress\/plugins\/seo\/ -->\n<title>Mas\u0103 Sedus culoare cire\u0219 - Mobil\u0103 Remba<\/title>\n<meta name=\"description\" content=\"Produsele RembaSM sunt de calitate superioar\u0103 apar\u021bin\u00e2nd portofoliului unor produc\u0103tori consacra\u021bi la nivel interna\u021bional.\" \/>\n<meta name=\"robots\" content=\"index, follow, max-snippet:-1, max-image-preview:large, max-video-preview:-1\" \/>\n<link rel=\"canonical\" href=\"https:\/\/mobila.rembasm.ro\/?product=masa-sedus-culoare-cires\" \/>\n<meta property=\"og:locale\" content=\"ro_RO\" \/>\n<meta property=\"og:type\" content=\"article\" \/>\n<meta property=\"og:title\" content=\"Mas\u0103 Sedus culoare cire\u0219 - Mobil\u0103 Remba\" \/>\n<meta property=\"og:description\" content=\"Produsele RembaSM sunt de calitate superioar\u0103 apar\u021bin\u00e2nd portofoliului unor produc\u0103tori consacra\u021bi la nivel interna\u021bional.\" \/>\n<meta property=\"og:url\" content=\"https:\/\/mobila.rembasm.ro\/?product=masa-sedus-culoare-cires\" \/>\n<meta property=\"og:site_name\" content=\"Mobil\u0103 Remba\" \/>\n<meta property=\"article:modified_time\" content=\"2021-03-06T12:21:24+00:00\" \/>\n<meta property=\"og:image\" content=\"https:\/\/mobila.rembasm.ro\/wp-content\/uploads\/2021\/03\/24.jpg\" \/>\n\t<meta property=\"og:image:width\" content=\"630\" \/>\n\t<meta property=\"og:image:height\" content=\"420\" \/>\n\t<meta property=\"og:image:type\" content=\"image\/jpeg\" \/>\n<meta name=\"twitter:card\" content=\"summary_large_image\" \/>\n<meta name=\"twitter:label1\" content=\"Timp estimat pentru citire\" \/>\n\t<meta name=\"twitter:data1\" content=\"2 minute\" \/>\n<script type=\"application\/ld+json\" class=\"yoast-schema-graph\">{\"@context\":\"https:\/\/schema.org\",\"@graph\":[{\"@type\":\"WebPage\",\"@id\":\"https:\/\/mobila.rembasm.ro\/?product=masa-sedus-culoare-cires\",\"url\":\"https:\/\/mobila.rembasm.ro\/?product=masa-sedus-culoare-cires\",\"name\":\"Mas\u0103 Sedus culoare cire\u0219 - Mobil\u0103 Remba\",\"isPartOf\":{\"@id\":\"https:\/\/mobila.rembasm.ro\/#website\"},\"datePublished\":\"2021-03-04T14:40:21+00:00\",\"dateModified\":\"2021-03-06T12:21:24+00:00\",\"description\":\"Produsele RembaSM sunt de calitate superioar\u0103 apar\u021bin\u00e2nd portofoliului unor produc\u0103tori consacra\u021bi la nivel interna\u021bional.\",\"breadcrumb\":{\"@id\":\"https:\/\/mobila.rembasm.ro\/?product=masa-sedus-culoare-cires#breadcrumb\"},\"inLanguage\":\"ro-RO\",\"potentialAction\":[{\"@type\":\"ReadAction\",\"target\":[\"https:\/\/mobila.rembasm.ro\/?product=masa-sedus-culoare-cires\"]}]},{\"@type\":\"BreadcrumbList\",\"@id\":\"https:\/\/mobila.rembasm.ro\/?product=masa-sedus-culoare-cires#breadcrumb\",\"itemListElement\":[{\"@type\":\"ListItem\",\"position\":1,\"name\":\"Home\",\"item\":\"https:\/\/mobila.rembasm.ro\/\"},{\"@type\":\"ListItem\",\"position\":2,\"name\":\"Shop\",\"item\":\"https:\/\/mobila.rembasm.ro\/?page_id=45\"},{\"@type\":\"ListItem\",\"position\":3,\"name\":\"Mas\u0103 Sedus culoare cire\u0219\"}]},{\"@type\":\"WebSite\",\"@id\":\"https:\/\/mobila.rembasm.ro\/#website\",\"url\":\"https:\/\/mobila.rembasm.ro\/\",\"name\":\"Mobirem\",\"description\":\"Mobil\u0103 pentru birou second-hand import Germania\",\"publisher\":{\"@id\":\"https:\/\/mobila.rembasm.ro\/#organization\"},\"potentialAction\":[{\"@type\":\"SearchAction\",\"target\":{\"@type\":\"EntryPoint\",\"urlTemplate\":\"https:\/\/mobila.rembasm.ro\/?s={search_term_string}\"},\"query-input\":\"required name=search_term_string\"}],\"inLanguage\":\"ro-RO\"},{\"@type\":\"Organization\",\"@id\":\"https:\/\/mobila.rembasm.ro\/#organization\",\"name\":\"RembaSM\",\"url\":\"https:\/\/mobila.rembasm.ro\/\",\"logo\":{\"@type\":\"ImageObject\",\"inLanguage\":\"ro-RO\",\"@id\":\"https:\/\/mobila.rembasm.ro\/#\/schema\/logo\/image\/\",\"url\":\"https:\/\/mobila.rembasm.ro\/wp-content\/uploads\/2021\/02\/LogoMakr-0SnqOi.png\",\"contentUrl\":\"https:\/\/mobila.rembasm.ro\/wp-content\/uploads\/2021\/02\/LogoMakr-0SnqOi.png\",\"width\":300,\"height\":133,\"caption\":\"RembaSM\"},\"image\":{\"@id\":\"https:\/\/mobila.rembasm.ro\/#\/schema\/logo\/image\/\"}}]}<\/script>\n<!-- \/ Yoast SEO plugin. -->","yoast_head_json":{"title":"Mas\u0103 Sedus culoare cire\u0219 - Mobil\u0103 Remba","description":"Produsele RembaSM sunt de calitate superioar\u0103 apar\u021bin\u00e2nd portofoliului unor produc\u0103tori consacra\u021bi la nivel interna\u021bional.","robots":{"index":"index","follow":"follow","max-snippet":"max-snippet:-1","max-image-preview":"max-image-preview:large","max-video-preview":"max-video-preview:-1"},"canonical":"https:\/\/mobila.rembasm.ro\/?product=masa-sedus-culoare-cires","og_locale":"ro_RO","og_type":"article","og_title":"Mas\u0103 Sedus culoare cire\u0219 - Mobil\u0103 Remba","og_description":"Produsele RembaSM sunt de calitate superioar\u0103 apar\u021bin\u00e2nd portofoliului unor produc\u0103tori consacra\u021bi la nivel interna\u021bional.","og_url":"https:\/\/mobila.rembasm.ro\/?product=masa-sedus-culoare-cires","og_site_name":"Mobil\u0103 Remba","article_modified_time":"2021-03-06T12:21:24+00:00","og_image":[{"width":630,"height":420,"url":"https:\/\/mobila.rembasm.ro\/wp-content\/uploads\/2021\/03\/24.jpg","type":"image\/jpeg"}],"twitter_card":"summary_large_image","twitter_misc":{"Timp estimat pentru citire":"2 minute"},"schema":{"@context":"https:\/\/schema.org","@graph":[{"@type":"WebPage","@id":"https:\/\/mobila.rembasm.ro\/?product=masa-sedus-culoare-cires","url":"https:\/\/mobila.rembasm.ro\/?product=masa-sedus-culoare-cires","name":"Mas\u0103 Sedus culoare cire\u0219 - Mobil\u0103 Remba","isPartOf":{"@id":"https:\/\/mobila.rembasm.ro\/#website"},"datePublished":"2021-03-04T14:40:21+00:00","dateModified":"2021-03-06T12:21:24+00:00","description":"Produsele RembaSM sunt de calitate superioar\u0103 apar\u021bin\u00e2nd portofoliului unor produc\u0103tori consacra\u021bi la nivel interna\u021bional.","breadcrumb":{"@id":"https:\/\/mobila.rembasm.ro\/?product=masa-sedus-culoare-cires#breadcrumb"},"inLanguage":"ro-RO","potentialAction":[{"@type":"ReadAction","target":["https:\/\/mobila.rembasm.ro\/?product=masa-sedus-culoare-cires"]}]},{"@type":"BreadcrumbList","@id":"https:\/\/mobila.rembasm.ro\/?product=masa-sedus-culoare-cires#breadcrumb","itemListElement":[{"@type":"ListItem","position":1,"name":"Home","item":"https:\/\/mobila.rembasm.ro\/"},{"@type":"ListItem","position":2,"name":"Shop","item":"https:\/\/mobila.rembasm.ro\/?page_id=45"},{"@type":"ListItem","position":3,"name":"Mas\u0103 Sedus culoare cire\u0219"}]},{"@type":"WebSite","@id":"https:\/\/mobila.rembasm.ro\/#website","url":"https:\/\/mobila.rembasm.ro\/","name":"Mobirem","description":"Mobil\u0103 pentru birou second-hand import Germania","publisher":{"@id":"https:\/\/mobila.rembasm.ro\/#organization"},"potentialAction":[{"@type":"SearchAction","target":{"@type":"EntryPoint","urlTemplate":"https:\/\/mobila.rembasm.ro\/?s={search_term_string}"},"query-input":"required name=search_term_string"}],"inLanguage":"ro-RO"},{"@type":"Organization","@id":"https:\/\/mobila.rembasm.ro\/#organization","name":"RembaSM","url":"https:\/\/mobila.rembasm.ro\/","logo":{"@type":"ImageObject","inLanguage":"ro-RO","@id":"https:\/\/mobila.rembasm.ro\/#\/schema\/logo\/image\/","url":"https:\/\/mobila.rembasm.ro\/wp-content\/uploads\/2021\/02\/LogoMakr-0SnqOi.png","contentUrl":"https:\/\/mobila.rembasm.ro\/wp-content\/uploads\/2021\/02\/LogoMakr-0SnqOi.png","width":300,"height":133,"caption":"RembaSM"},"image":{"@id":"https:\/\/mobila.rembasm.ro\/#\/schema\/logo\/image\/"}}]}},"_links":{"self":[{"href":"https:\/\/mobila.rembasm.ro\/index.php?rest_route=\/wp\/v2\/product\/2400","targetHints":{"allow":["GET"]}}],"collection":[{"href":"https:\/\/mobila.rembasm.ro\/index.php?rest_route=\/wp\/v2\/product"}],"about":[{"href":"https:\/\/mobila.rembasm.ro\/index.php?rest_route=\/wp\/v2\/types\/product"}],"replies":[{"embeddable":true,"href":"https:\/\/mobila.rembasm.ro\/index.php?rest_route=%2Fwp%2Fv2%2Fcomments&post=2400"}],"wp:featuredmedia":[{"embeddable":true,"href":"https:\/\/mobila.rembasm.ro\/index.php?rest_route=\/wp\/v2\/media\/2401"}],"wp:attachment":[{"href":"https:\/\/mobila.rembasm.ro\/index.php?rest_route=%2Fwp%2Fv2%2Fmedia&parent=2400"}],"wp:term":[{"taxonomy":"product_cat","embeddable":true,"href":"https:\/\/mobila.rembasm.ro\/index.php?rest_route=%2Fwp%2Fv2%2Fproduct_cat&post=2400"},{"taxonomy":"product_tag","embeddable":true,"href":"https:\/\/mobila.rembasm.ro\/index.php?rest_route=%2Fwp%2Fv2%2Fproduct_tag&post=2400"}],"curies":[{"name":"wp","href":"https:\/\/api.w.org\/{rel}","templated":true}]}}